{"id":366,"date":"2025-01-09T13:48:21","date_gmt":"2025-01-09T12:48:21","guid":{"rendered":"http:\/\/fotostudio-xxelf.de\/?page_id=366"},"modified":"2025-04-18T19:56:05","modified_gmt":"2025-04-18T17:56:05","slug":"gespraechskreis-parkinson","status":"publish","type":"page","link":"https:\/\/fotostudio-xxelf.de\/index.php\/gespraechskreis-parkinson\/","title":{"rendered":"Gespr\u00e4chskreis (Parkinson)"},"content":{"rendered":"\t\t<div data-elementor-type=\"wp-page\" data-elementor-id=\"366\" class=\"elementor elementor-366\">\n\t\t\t\t<div class=\"elementor-element elementor-element-542ff19 e-flex e-con-boxed e-con e-parent\" data-id=\"542ff19\" data-element_type=\"container\">\n\t\t\t\t\t<div class=\"e-con-inner\">\n\t\t\t\t<div class=\"elementor-element elementor-element-0ed9554 elementor-widget elementor-widget-heading\" data-id=\"0ed9554\" data-element_type=\"widget\" data-widget_type=\"heading.default\">\n\t\t\t\t<div class=\"elementor-widget-container\">\n\t\t\t\t\t<h6 class=\"elementor-heading-title elementor-size-default\">in Kooperation mit<\/h6>\t\t\t\t<\/div>\n\t\t\t\t<\/div>\n\t\t\t\t<div class=\"elementor-element elementor-element-eaf205c elementor-widget elementor-widget-image\" data-id=\"eaf205c\" data-element_type=\"widget\" data-widget_type=\"image.default\">\n\t\t\t\t<div class=\"elementor-widget-container\">\n\t\t\t\t\t\t\t\t\t\t\t\t\t\t\t<img fetchpriority=\"high\" decoding=\"async\" width=\"800\" height=\"296\" src=\"http:\/\/fotostudio-xxelf.de\/wp-content\/uploads\/2025\/04\/Logo_Parkinson-Forum_1B4.jpg\" class=\"attachment-large size-large wp-image-961\" alt=\"\" srcset=\"http:\/\/fotostudio-xxelf.de\/wp-content\/uploads\/2025\/04\/Logo_Parkinson-Forum_1B4.jpg 800w, http:\/\/fotostudio-xxelf.de\/wp-content\/uploads\/2025\/04\/Logo_Parkinson-Forum_1B4-300x111.jpg 300w, http:\/\/fotostudio-xxelf.de\/wp-content\/uploads\/2025\/04\/Logo_Parkinson-Forum_1B4-768x284.jpg 768w\" sizes=\"(max-width: 800px) 100vw, 800px\" \/>\t\t\t\t\t\t\t\t\t\t\t\t\t\t\t<\/div>\n\t\t\t\t<\/div>\n\t\t\t\t\t<\/div>\n\t\t\t\t<\/div>\n\t\t<div class=\"elementor-element elementor-element-52e0891d e-flex e-con-boxed e-con e-parent\" data-id=\"52e0891d\" data-element_type=\"container\" data-settings=\"{&quot;background_background&quot;:&quot;classic&quot;,&quot;shape_divider_top&quot;:&quot;tilt&quot;,&quot;shape_divider_bottom&quot;:&quot;tilt&quot;}\">\n\t\t\t\t\t<div class=\"e-con-inner\">\n\t\t\t\t<div class=\"elementor-shape elementor-shape-top\" data-negative=\"false\">\n\t\t\t<svg xmlns=\"http:\/\/www.w3.org\/2000\/svg\" viewBox=\"0 0 1000 100\" preserveAspectRatio=\"none\">\n\t<path class=\"elementor-shape-fill\" d=\"M0,6V0h1000v100L0,6z\"\/>\n<\/svg>\t\t<\/div>\n\t\t\t\t<div class=\"elementor-shape elementor-shape-bottom\" data-negative=\"false\">\n\t\t\t<svg xmlns=\"http:\/\/www.w3.org\/2000\/svg\" viewBox=\"0 0 1000 100\" preserveAspectRatio=\"none\">\n\t<path class=\"elementor-shape-fill\" d=\"M0,6V0h1000v100L0,6z\"\/>\n<\/svg>\t\t<\/div>\n\t\t<div class=\"elementor-element elementor-element-731685d4 e-con-full e-flex e-con e-child\" data-id=\"731685d4\" data-element_type=\"container\">\n\t\t\t\t<div class=\"elementor-element elementor-element-35802a7 elementor-view-default elementor-widget elementor-widget-icon\" data-id=\"35802a7\" data-element_type=\"widget\" data-widget_type=\"icon.default\">\n\t\t\t\t<div class=\"elementor-widget-container\">\n\t\t\t\t\t\t\t<div class=\"elementor-icon-wrapper\">\n\t\t\t<div class=\"elementor-icon\">\n\t\t\t<svg aria-hidden=\"true\" class=\"e-font-icon-svg e-fas-circle\" viewBox=\"0 0 512 512\" xmlns=\"http:\/\/www.w3.org\/2000\/svg\"><path d=\"M256 8C119 8 8 119 8 256s111 248 248 248 248-111 248-248S393 8 256 8z\"><\/path><\/svg>\t\t\t<\/div>\n\t\t<\/div>\n\t\t\t\t\t\t<\/div>\n\t\t\t\t<\/div>\n\t\t\t\t<\/div>\n\t\t<div class=\"elementor-element elementor-element-818797e e-con-full e-flex e-con e-child\" data-id=\"818797e\" data-element_type=\"container\">\n\t\t\t\t<div class=\"elementor-element elementor-element-38fa97fc elementor-widget elementor-widget-heading\" data-id=\"38fa97fc\" data-element_type=\"widget\" data-widget_type=\"heading.default\">\n\t\t\t\t<div class=\"elementor-widget-container\">\n\t\t\t\t\t<h1 class=\"elementor-heading-title elementor-size-default\">Angeh\u00f6rigengespr\u00e4chskreis<\/h1>\t\t\t\t<\/div>\n\t\t\t\t<\/div>\n\t\t\t\t<div class=\"elementor-element elementor-element-616b4eb elementor-widget-divider--view-line elementor-widget elementor-widget-divider\" data-id=\"616b4eb\" data-element_type=\"widget\" data-widget_type=\"divider.default\">\n\t\t\t\t<div class=\"elementor-widget-container\">\n\t\t\t\t\t\t\t<div class=\"elementor-divider\">\n\t\t\t<span class=\"elementor-divider-separator\">\n\t\t\t\t\t\t<\/span>\n\t\t<\/div>\n\t\t\t\t\t\t<\/div>\n\t\t\t\t<\/div>\n\t\t\t\t<div class=\"elementor-element elementor-element-3667acb elementor-widget elementor-widget-heading\" data-id=\"3667acb\" data-element_type=\"widget\" data-widget_type=\"heading.default\">\n\t\t\t\t<div class=\"elementor-widget-container\">\n\t\t\t\t\t<h5 class=\"elementor-heading-title elementor-size-default\">Sie sind nicht allein!<\/h5>\t\t\t\t<\/div>\n\t\t\t\t<\/div>\n\t\t\t\t<\/div>\n\t\t<div class=\"elementor-element elementor-element-62c9774 e-con-full elementor-hidden-mobile e-flex e-con e-child\" data-id=\"62c9774\" data-element_type=\"container\">\n\t\t\t\t<div class=\"elementor-element elementor-element-e2482fc elementor-view-default elementor-widget elementor-widget-icon\" data-id=\"e2482fc\" data-element_type=\"widget\" data-widget_type=\"icon.default\">\n\t\t\t\t<div class=\"elementor-widget-container\">\n\t\t\t\t\t\t\t<div class=\"elementor-icon-wrapper\">\n\t\t\t<div class=\"elementor-icon\">\n\t\t\t<svg aria-hidden=\"true\" class=\"e-font-icon-svg e-fas-circle\" viewBox=\"0 0 512 512\" xmlns=\"http:\/\/www.w3.org\/2000\/svg\"><path d=\"M256 8C119 8 8 119 8 256s111 248 248 248 248-111 248-248S393 8 256 8z\"><\/path><\/svg>\t\t\t<\/div>\n\t\t<\/div>\n\t\t\t\t\t\t<\/div>\n\t\t\t\t<\/div>\n\t\t<div class=\"elementor-element elementor-element-7e9fb69 e-con-full e-flex e-con e-child\" data-id=\"7e9fb69\" data-element_type=\"container\">\n\t\t<div class=\"elementor-element elementor-element-8b39035 e-con-full e-flex e-con e-child\" data-id=\"8b39035\" data-element_type=\"container\">\n\t\t\t\t<div class=\"elementor-element elementor-element-f01b6a0 elementor-view-default elementor-widget elementor-widget-icon\" data-id=\"f01b6a0\" data-element_type=\"widget\" data-widget_type=\"icon.default\">\n\t\t\t\t<div class=\"elementor-widget-container\">\n\t\t\t\t\t\t\t<div class=\"elementor-icon-wrapper\">\n\t\t\t<div class=\"elementor-icon\">\n\t\t\t<svg aria-hidden=\"true\" class=\"e-font-icon-svg e-fas-circle\" viewBox=\"0 0 512 512\" xmlns=\"http:\/\/www.w3.org\/2000\/svg\"><path d=\"M256 8C119 8 8 119 8 256s111 248 248 248 248-111 248-248S393 8 256 8z\"><\/path><\/svg>\t\t\t<\/div>\n\t\t<\/div>\n\t\t\t\t\t\t<\/div>\n\t\t\t\t<\/div>\n\t\t\t\t<\/div>\n\t\t<div class=\"elementor-element elementor-element-b2f8306 e-grid e-con-full e-con e-child\" data-id=\"b2f8306\" data-element_type=\"container\">\n\t\t\t\t<div class=\"elementor-element elementor-element-f912de1 elementor-view-default elementor-widget elementor-widget-icon\" data-id=\"f912de1\" data-element_type=\"widget\" data-widget_type=\"icon.default\">\n\t\t\t\t<div class=\"elementor-widget-container\">\n\t\t\t\t\t\t\t<div class=\"elementor-icon-wrapper\">\n\t\t\t<div class=\"elementor-icon\">\n\t\t\t<svg aria-hidden=\"true\" class=\"e-font-icon-svg e-fas-circle\" viewBox=\"0 0 512 512\" xmlns=\"http:\/\/www.w3.org\/2000\/svg\"><path d=\"M256 8C119 8 8 119 8 256s111 248 248 248 248-111 248-248S393 8 256 8z\"><\/path><\/svg>\t\t\t<\/div>\n\t\t<\/div>\n\t\t\t\t\t\t<\/div>\n\t\t\t\t<\/div>\n\t\t\t\t<div class=\"elementor-element elementor-element-f5816ac elementor-view-default elementor-widget elementor-widget-icon\" data-id=\"f5816ac\" data-element_type=\"widget\" data-widget_type=\"icon.default\">\n\t\t\t\t<div class=\"elementor-widget-container\">\n\t\t\t\t\t\t\t<div class=\"elementor-icon-wrapper\">\n\t\t\t<div class=\"elementor-icon\">\n\t\t\t<svg aria-hidden=\"true\" class=\"e-font-icon-svg e-fas-circle\" viewBox=\"0 0 512 512\" xmlns=\"http:\/\/www.w3.org\/2000\/svg\"><path d=\"M256 8C119 8 8 119 8 256s111 248 248 248 248-111 248-248S393 8 256 8z\"><\/path><\/svg>\t\t\t<\/div>\n\t\t<\/div>\n\t\t\t\t\t\t<\/div>\n\t\t\t\t<\/div>\n\t\t\t\t<\/div>\n\t\t\t\t<\/div>\n\t\t\t\t<\/div>\n\t\t\t\t<div class=\"elementor-element elementor-element-8ad3145 elementor-widget__width-initial elementor-widget elementor-widget-text-editor\" data-id=\"8ad3145\" data-element_type=\"widget\" data-widget_type=\"text-editor.default\">\n\t\t\t\t<div class=\"elementor-widget-container\">\n\t\t\t\t\t\t\t\t\t<p><b>Liebe Angeh\u00f6rige,<\/b><\/p><p>Sie sind herzlich zum Angeh\u00f6rigengespr\u00e4chskreis des\u00a0Parkinson-Forums Steinfurt e.V. eingeladen!<\/p><p>\u00a0<\/p><p><span style=\"font-weight: 400;\">Die Treffen finden <\/span><\/p><p><strong>jeden ersten Donnerstag im Monat <\/strong><\/p><p><strong>von\u00a018 Uhr bis ca. 19:30 \/ 20 Uhr <\/strong><\/p><p><strong>in unserer Ergotherapie-Praxis <\/strong><\/p><p><span style=\"font-weight: 400;\">statt.<\/span><\/p><p>\u00a0<\/p><p><span style=\"font-weight: 400;\">Es ist eine gro\u00dfe und manchmal auch belastende Aufgabe, einen anderen Menschen im Alltag zu unterst\u00fctzen &#8211; vielleicht sogar rund um die Uhr f\u00fcr ihn da zu sein.\u00a0<\/span><span style=\"font-weight: 400;\">Sie als Angeh\u00f6rige:r eines Parkinson-Patienten erleben die H\u00f6hen und Tiefen der Erkrankung \u00e4hnlich, wie der Betroffene selbst.\u00a0<\/span><span style=\"font-weight: 400;\">Sie gehen gemeinsam durch \u201eBerg und Tal\u201c und leisten oft sehr, sehr viel bei der Pflege, Betreuung und Bew\u00e4ltigung der Erkrankung.<\/span><\/p><p>\u00a0<\/p><p><span style=\"font-weight: 400;\">Dabei treten nicht selten Fragen, Sorgen, Unsicherheiten und Spannungen auf.\u00a0<\/span><span style=\"font-weight: 400;\">Kommen Sie mit anderen Angeh\u00f6rigen zu einem ungezwungenen Erfahrungsaustausch zusammen!<\/span><\/p><p>\u00a0<\/p><p><span style=\"font-weight: 400;\">Ich freue mich auf Sie!<\/span><\/p><p><b>Ihre Heidi R\u00fc\u00dfe<\/b><\/p><p><b>\u00a0<\/b><\/p>\t\t\t\t\t\t\t\t<\/div>\n\t\t\t\t<\/div>\n\t\t\t\t\t<\/div>\n\t\t\t\t<\/div>\n\t\t<div class=\"elementor-element elementor-element-6dc41d87 e-flex e-con-boxed e-con e-parent\" data-id=\"6dc41d87\" data-element_type=\"container\">\n\t\t\t\t\t<div class=\"e-con-inner\">\n\t\t<div class=\"elementor-element elementor-element-46fc1ac1 e-grid e-con-full e-con e-child\" data-id=\"46fc1ac1\" data-element_type=\"container\">\n\t\t<div class=\"elementor-element elementor-element-3dbc9ff7 e-con-full e-flex e-con e-child\" data-id=\"3dbc9ff7\" data-element_type=\"container\">\n\t\t\t\t<div class=\"elementor-element elementor-element-413520f elementor-widget elementor-widget-text-editor\" data-id=\"413520f\" data-element_type=\"widget\" data-widget_type=\"text-editor.default\">\n\t\t\t\t<div class=\"elementor-widget-container\">\n\t\t\t\t\t\t\t\t\t<ul><li style=\"font-weight: 400;\" aria-level=\"1\">Der Gespr\u00e4chskreis richtet sich nicht an die an Parkinson-Erkrankten selbst, sondern spricht deren Partner \/Partnerinnen bzw. Angerh\u00f6rige an.<\/li><\/ul><ul><li style=\"font-weight: 400;\" aria-level=\"1\">Wir treffen und jeden ersten Donnerstag im Monat von 18 Uhr bis ca. 19.30. Oft wird es auch sp\u00e4ter, weil oft einfach sehr viel Gespr\u00e4chsbedarf besteht.<\/li><\/ul><ul><li style=\"font-weight: 400;\" aria-level=\"1\">Bei diesen Treffen haben Sie als Angeh\u00f6rige die M\u00f6glichkeit, \u00c4ngste und Sorgen los zu werden. Die man vielleicht auch nicht mit dem betroffenen Partner besprechen m\u00f6chte, um diesen nicht noch mehr zu belasten.<\/li><\/ul><ul><li style=\"font-weight: 400;\" aria-level=\"1\">Diese Abende sind gepr\u00e4gt von dem Verst\u00e4ndnis der Teilnehmer f\u00fcreinander \u2013 alle sind\u00a0 in ganz \u00e4hnlichen Situationen. Hier ist die M\u00f6glichkeit, von den Erfahrungen anderer zu profitieren.\u00a0<\/li><\/ul><ul><li style=\"font-weight: 400;\" aria-level=\"1\">An diesen Abenden wird gemeinsam \u00fcberlegt, es werden h\u00e4ufig wertvolle Tipps und Anregungen weiter gegeben; Probleme und Sorgen besprochen und ganz h\u00e4ufig gehen abends alle erleichtert (weil endlich Dinge offen angesprochen wurden, Sorgen aufgel\u00f6st wurden \u2026) und mit reichlich neuen Informationen und Ideen und praktischen Alltagstipps beladen nach Hause. Und das aus ganz unterschiedlichen Rubriken; sei es das Thema Annehmen von Hilfe und Unterst\u00fctzung; Infos \u00fcber praktische Hilfsmittel, die den Alltag deutlich erleichtern; Austausch \u00fcber Neurologen in der Umgebung; \u00fcber die m\u00f6glichen Heilmittel, die verordnet werden k\u00f6nnen bis hin zu Informationen \u00fcber Pflegegelder oder Taxischeinen.<\/li><\/ul><ul><li aria-level=\"1\">An diesen Abenden merkt jede Teilnehmerin \/ jeder Teilnehmer, dass er nicht allein ist mit der aktuellen Situation \u2013 es sind viele andere da, denen es \u00e4hnlich geht.<\/li><\/ul><ul><li style=\"font-weight: 400;\" aria-level=\"1\">Hier k\u00f6nnen Themen angesprochen werden, die im Rahmen des Freundeskreises oder der Familie evtl. nicht so angesprochen werden k\u00f6nnen. Weil man das Gef\u00fchl hat, dass die Personen, die einem doch eigentlich ganz nah sind , die aktuelle Situation nicht verstehen k\u00f6nnen.<\/li><\/ul><ul><li style=\"font-weight: 400;\" aria-level=\"1\">Es wird aber tats\u00e4chlich nicht nur \u00fcber ernste und belastende Themen gesprochen \u2013 es wird h\u00e4ufig auch gern gelacht!! Was die Teilnehmer dann noch entspannter und gel\u00f6ster nach Hause fahren l\u00e4sst <img decoding=\"async\" class=\"emoji\" role=\"img\" draggable=\"false\" src=\"https:\/\/s.w.org\/images\/core\/emoji\/15.0.3\/svg\/1f60a.svg\" alt=\"\ud83d\ude0a\" \/><\/li><\/ul><ul><li style=\"font-weight: 400;\" aria-level=\"1\">Und davon profitieren nicht zuletzt nat\u00fcrlich auch die Partner zuhause!!<\/li><\/ul><p><strong>Sie k\u00f6nnen sich gern \u00fcber die Praxis \u2013 Telefonnummer: 02551 \/ 933 80 91<span class=\"Apple-converted-space\">\u00a0 <\/span>oder per Mail<span class=\"Apple-converted-space\">\u00a0 <\/span>info@ergotherapie-ruesse anmelden.<\/strong><\/p>\t\t\t\t\t\t\t\t<\/div>\n\t\t\t\t<\/div>\n\t\t<div class=\"elementor-element elementor-element-5d57f81 e-con-full e-flex e-con e-child\" data-id=\"5d57f81\" data-element_type=\"container\">\n\t\t\t\t<div class=\"elementor-element elementor-element-932f252 elementor-align-left elementor-widget__width-initial elementor-widget elementor-widget-button\" data-id=\"932f252\" data-element_type=\"widget\" data-widget_type=\"button.default\">\n\t\t\t\t<div class=\"elementor-widget-container\">\n\t\t\t\t\t\t\t\t\t<div class=\"elementor-button-wrapper\">\n\t\t\t\t\t<a class=\"elementor-button elementor-button-link elementor-size-sm\" href=\"http:\/\/fotostudio-xxelf.de\/wp-content\/uploads\/2025\/04\/Moeglichkeiten-der-Ergotherqpie-bei-Morbus-Parkinson-Power-Point.pdf\" target=\"_blank\">\n\t\t\t\t\t\t<span class=\"elementor-button-content-wrapper\">\n\t\t\t\t\t\t\t\t\t<span class=\"elementor-button-text\">Pr\u00e4sentation \"M\u00f6glichkeiten der Ergotherqpie bei Morbus \"<\/span>\n\t\t\t\t\t<\/span>\n\t\t\t\t\t<\/a>\n\t\t\t\t<\/div>\n\t\t\t\t\t\t\t\t<\/div>\n\t\t\t\t<\/div>\n\t\t\t\t<div class=\"elementor-element elementor-element-41f5c6f elementor-widget elementor-widget-image\" data-id=\"41f5c6f\" data-element_type=\"widget\" data-widget_type=\"image.default\">\n\t\t\t\t<div class=\"elementor-widget-container\">\n\t\t\t\t\t\t\t\t\t\t\t\t\t\t\t\t<a href=\"https:\/\/www.parkinson-steinfurt.de\" target=\"_blank\">\n\t\t\t\t\t\t\t<img fetchpriority=\"high\" decoding=\"async\" width=\"800\" height=\"296\" src=\"http:\/\/fotostudio-xxelf.de\/wp-content\/uploads\/2025\/04\/Logo_Parkinson-Forum_1B4.jpg\" class=\"attachment-large size-large wp-image-961\" alt=\"\" srcset=\"http:\/\/fotostudio-xxelf.de\/wp-content\/uploads\/2025\/04\/Logo_Parkinson-Forum_1B4.jpg 800w, http:\/\/fotostudio-xxelf.de\/wp-content\/uploads\/2025\/04\/Logo_Parkinson-Forum_1B4-300x111.jpg 300w, http:\/\/fotostudio-xxelf.de\/wp-content\/uploads\/2025\/04\/Logo_Parkinson-Forum_1B4-768x284.jpg 768w\" sizes=\"(max-width: 800px) 100vw, 800px\" \/>\t\t\t\t\t\t\t\t<\/a>\n\t\t\t\t\t\t\t\t\t\t\t\t\t\t\t<\/div>\n\t\t\t\t<\/div>\n\t\t\t\t<\/div>\n\t\t\t\t<div class=\"elementor-element elementor-element-fd33c9e elementor-view-default elementor-widget elementor-widget-icon\" data-id=\"fd33c9e\" data-element_type=\"widget\" data-widget_type=\"icon.default\">\n\t\t\t\t<div class=\"elementor-widget-container\">\n\t\t\t\t\t\t\t<div class=\"elementor-icon-wrapper\">\n\t\t\t<div class=\"elementor-icon\">\n\t\t\t<svg aria-hidden=\"true\" class=\"e-font-icon-svg e-fas-circle\" viewBox=\"0 0 512 512\" xmlns=\"http:\/\/www.w3.org\/2000\/svg\"><path d=\"M256 8C119 8 8 119 8 256s111 248 248 248 248-111 248-248S393 8 256 8z\"><\/path><\/svg>\t\t\t<\/div>\n\t\t<\/div>\n\t\t\t\t\t\t<\/div>\n\t\t\t\t<\/div>\n\t\t\t\t<\/div>\n\t\t\t\t<\/div>\n\t\t\t\t\t<\/div>\n\t\t\t\t<\/div>\n\t\t\t\t<\/div>\n\t\t","protected":false},"excerpt":{"rendered":"<p>in Kooperation mit Angeh\u00f6rigengespr\u00e4chskreis Sie sind nicht allein! Liebe Angeh\u00f6rige, Sie sind herzlich zum Angeh\u00f6rigengespr\u00e4chskreis des\u00a0Parkinson-Forums Steinfurt e.V. eingeladen! \u00a0 [&hellip;]<\/p>\n","protected":false},"author":1,"featured_media":0,"parent":0,"menu_order":0,"comment_status":"closed","ping_status":"closed","template":"","meta":{"site-sidebar-layout":"no-sidebar","site-content-layout":"","ast-site-content-layout":"full-width-container","site-content-style":"default","site-sidebar-style":"default","ast-global-header-display":"","ast-banner-title-visibility":"","ast-main-header-display":"","ast-hfb-above-header-display":"","ast-hfb-below-header-display":"","ast-hfb-mobile-header-display":"","site-post-title":"disabled","ast-breadcrumbs-content":"","ast-featured-img":"disabled","footer-sml-layout":"","theme-transparent-header-meta":"","adv-header-id-meta":"","stick-header-meta":"","header-above-stick-meta":"","header-main-stick-meta":"","header-below-stick-meta":"","astra-migrate-meta-layouts":"default","ast-page-background-enabled":"default","ast-page-background-meta":{"desktop":{"background-color":"var(--ast-global-color-4)","background-image":"","background-repeat":"repeat","background-position":"center center","background-size":"auto","background-attachment":"scroll","background-type":"","background-media":"","overlay-type":"","overlay-color":"","overlay-opacity":"","overlay-gradient":""},"tablet":{"background-color":"","background-image":"","background-repeat":"repeat","background-position":"center center","background-size":"auto","background-attachment":"scroll","background-type":"","background-media":"","overlay-type":"","overlay-color":"","overlay-opacity":"","overlay-gradient":""},"mobile":{"background-color":"","background-image":"","background-repeat":"repeat","background-position":"center center","background-size":"auto","background-attachment":"scroll","background-type":"","background-media":"","overlay-type":"","overlay-color":"","overlay-opacity":"","overlay-gradient":""}},"ast-content-background-meta":{"desktop":{"background-color":"var(--ast-global-color-5)","background-image":"","background-repeat":"repeat","background-position":"center center","background-size":"auto","background-attachment":"scroll","background-type":"","background-media":"","overlay-type":"","overlay-color":"","overlay-opacity":"","overlay-gradient":""},"tablet":{"background-color":"var(--ast-global-color-5)","background-image":"","background-repeat":"repeat","background-position":"center center","background-size":"auto","background-attachment":"scroll","background-type":"","background-media":"","overlay-type":"","overlay-color":"","overlay-opacity":"","overlay-gradient":""},"mobile":{"background-color":"var(--ast-global-color-5)","background-image":"","background-repeat":"repeat","background-position":"center center","background-size":"auto","background-attachment":"scroll","background-type":"","background-media":"","overlay-type":"","overlay-color":"","overlay-opacity":"","overlay-gradient":""}},"footnotes":""},"class_list":["post-366","page","type-page","status-publish","hentry"],"_links":{"self":[{"href":"https:\/\/fotostudio-xxelf.de\/index.php\/wp-json\/wp\/v2\/pages\/366","targetHints":{"allow":["GET"]}}],"collection":[{"href":"https:\/\/fotostudio-xxelf.de\/index.php\/wp-json\/wp\/v2\/pages"}],"about":[{"href":"https:\/\/fotostudio-xxelf.de\/index.php\/wp-json\/wp\/v2\/types\/page"}],"author":[{"embeddable":true,"href":"https:\/\/fotostudio-xxelf.de\/index.php\/wp-json\/wp\/v2\/users\/1"}],"replies":[{"embeddable":true,"href":"https:\/\/fotostudio-xxelf.de\/index.php\/wp-json\/wp\/v2\/comments?post=366"}],"version-history":[{"count":52,"href":"https:\/\/fotostudio-xxelf.de\/index.php\/wp-json\/wp\/v2\/pages\/366\/revisions"}],"predecessor-version":[{"id":1423,"href":"https:\/\/fotostudio-xxelf.de\/index.php\/wp-json\/wp\/v2\/pages\/366\/revisions\/1423"}],"wp:attachment":[{"href":"https:\/\/fotostudio-xxelf.de\/index.php\/wp-json\/wp\/v2\/media?parent=366"}],"curies":[{"name":"wp","href":"https:\/\/api.w.org\/{rel}","templated":true}]}}