{"id":362,"date":"2025-01-09T13:47:14","date_gmt":"2025-01-09T12:47:14","guid":{"rendered":"http:\/\/fotostudio-xxelf.de\/?page_id=362"},"modified":"2025-04-18T20:06:50","modified_gmt":"2025-04-18T18:06:50","slug":"infos-fuer-patienten","status":"publish","type":"page","link":"https:\/\/fotostudio-xxelf.de\/index.php\/infos-fuer-patienten\/","title":{"rendered":"Infos f\u00fcr Patienten"},"content":{"rendered":"\t\t<div data-elementor-type=\"wp-page\" data-elementor-id=\"362\" class=\"elementor elementor-362\">\n\t\t\t\t<div class=\"elementor-element elementor-element-7e9e8b84 e-flex e-con-boxed e-con e-parent\" data-id=\"7e9e8b84\" data-element_type=\"container\">\n\t\t\t\t\t<div class=\"e-con-inner\">\n\t\t<div class=\"elementor-element elementor-element-452ac6f e-con-full elementor-hidden-tablet elementor-hidden-mobile e-flex e-con e-child\" data-id=\"452ac6f\" data-element_type=\"container\">\n\t\t\t\t<div class=\"elementor-element elementor-element-6dedda4 elementor-view-default elementor-widget elementor-widget-icon\" data-id=\"6dedda4\" data-element_type=\"widget\" data-widget_type=\"icon.default\">\n\t\t\t\t<div class=\"elementor-widget-container\">\n\t\t\t\t\t\t\t<div class=\"elementor-icon-wrapper\">\n\t\t\t<div class=\"elementor-icon\">\n\t\t\t<svg aria-hidden=\"true\" class=\"e-font-icon-svg e-fas-circle\" viewBox=\"0 0 512 512\" xmlns=\"http:\/\/www.w3.org\/2000\/svg\"><path d=\"M256 8C119 8 8 119 8 256s111 248 248 248 248-111 248-248S393 8 256 8z\"><\/path><\/svg>\t\t\t<\/div>\n\t\t<\/div>\n\t\t\t\t\t\t<\/div>\n\t\t\t\t<\/div>\n\t\t<div class=\"elementor-element elementor-element-0922ef5 e-con-full e-flex e-con e-child\" data-id=\"0922ef5\" data-element_type=\"container\">\n\t\t\t\t<div class=\"elementor-element elementor-element-713d946 elementor-view-default elementor-widget elementor-widget-icon\" data-id=\"713d946\" data-element_type=\"widget\" data-widget_type=\"icon.default\">\n\t\t\t\t<div class=\"elementor-widget-container\">\n\t\t\t\t\t\t\t<div class=\"elementor-icon-wrapper\">\n\t\t\t<div class=\"elementor-icon\">\n\t\t\t<svg aria-hidden=\"true\" class=\"e-font-icon-svg e-fas-circle\" viewBox=\"0 0 512 512\" xmlns=\"http:\/\/www.w3.org\/2000\/svg\"><path d=\"M256 8C119 8 8 119 8 256s111 248 248 248 248-111 248-248S393 8 256 8z\"><\/path><\/svg>\t\t\t<\/div>\n\t\t<\/div>\n\t\t\t\t\t\t<\/div>\n\t\t\t\t<\/div>\n\t\t\t\t<div class=\"elementor-element elementor-element-4cb7da5 elementor-widget__width-initial elementor-view-default elementor-widget elementor-widget-icon\" data-id=\"4cb7da5\" data-element_type=\"widget\" data-widget_type=\"icon.default\">\n\t\t\t\t<div class=\"elementor-widget-container\">\n\t\t\t\t\t\t\t<div class=\"elementor-icon-wrapper\">\n\t\t\t<div class=\"elementor-icon\">\n\t\t\t<svg aria-hidden=\"true\" class=\"e-font-icon-svg e-fas-circle\" viewBox=\"0 0 512 512\" xmlns=\"http:\/\/www.w3.org\/2000\/svg\"><path d=\"M256 8C119 8 8 119 8 256s111 248 248 248 248-111 248-248S393 8 256 8z\"><\/path><\/svg>\t\t\t<\/div>\n\t\t<\/div>\n\t\t\t\t\t\t<\/div>\n\t\t\t\t<\/div>\n\t\t\t\t<\/div>\n\t\t\t\t<\/div>\n\t\t<div class=\"elementor-element elementor-element-36791bea e-con-full e-flex e-con e-child\" data-id=\"36791bea\" data-element_type=\"container\">\n\t\t\t\t<div class=\"elementor-element elementor-element-47cdd90a elementor-widget__width-initial elementor-widget elementor-widget-heading\" data-id=\"47cdd90a\" data-element_type=\"widget\" data-widget_type=\"heading.default\">\n\t\t\t\t<div class=\"elementor-widget-container\">\n\t\t\t\t\t<h1 class=\"elementor-heading-title elementor-size-default\">Informationen f\u00fcr Patienten<\/h1>\t\t\t\t<\/div>\n\t\t\t\t<\/div>\n\t\t\t\t<div class=\"elementor-element elementor-element-6aa19da9 elementor-widget-divider--view-line elementor-widget elementor-widget-divider\" data-id=\"6aa19da9\" data-element_type=\"widget\" data-widget_type=\"divider.default\">\n\t\t\t\t<div class=\"elementor-widget-container\">\n\t\t\t\t\t\t\t<div class=\"elementor-divider\">\n\t\t\t<span class=\"elementor-divider-separator\">\n\t\t\t\t\t\t<\/span>\n\t\t<\/div>\n\t\t\t\t\t\t<\/div>\n\t\t\t\t<\/div>\n\t\t\t\t<div class=\"elementor-element elementor-element-ef6fbb6 elementor-widget elementor-widget-text-editor\" data-id=\"ef6fbb6\" data-element_type=\"widget\" data-widget_type=\"text-editor.default\">\n\t\t\t\t<div class=\"elementor-widget-container\">\n\t\t\t\t\t\t\t\t\t<p>Selbst handeln zu k\u00f6nnen, sich sinnvoll zu bet\u00e4tigen und das eigene Leben in der Hand zu haben sind Grundvoraussetzungen f\u00fcr Gesundheit, Wohlbefinden und Lebensqualit\u00e4t. Ergotherapeuten unterst\u00fctzen Menschen aller Altersgruppen, die in ihren F\u00e4higkeiten eingeschr\u00e4nkt oder von Einschr\u00e4nkungen bedroht sind und denen diese Voraussetzungen fehlen.<\/p><p>Das wesentliche Ziel einer ergotherapeutischen Behandlung ist gr\u00f6\u00dftm\u00f6gliche Selbstst\u00e4ndigkeit und Autonomie, das Teilhaben am Leben mit all seinen Perspektiven und Herausforderungen. Daf\u00fcr erarbeiten Ergotherapeuten gemeinsam mit ihren Patienten jeweils individuelle L\u00f6sungen, damit sie ihre Handlungsf\u00e4higkeiten entwickeln, wiedererlangen oder erhalten k\u00f6nnen. So bekommen sie Best\u00e4tigung und Anerkennung und die Zufriedenheit mit dem Leben kehrt zur\u00fcck.<\/p><p>Das Besondere der Ergotherapie ist, jeden Menschen mit all seinen k\u00f6rperlichen, seelischen, geistigen und sozialen Aspekten und in seiner Einzigartigkeit zu betrachten. Das Ziel der Ergotherapie ist die Handlungsf\u00e4higkeit des Menschen in Alltag, Schule und Beruf. Dabei ber\u00fccksichtigen Ergotherapeuten die f\u00fcr den Einzelnen wichtigen Rollen und Aufgaben, sein Lebensumfeld und die notwendigen geistigen oder k\u00f6rperlichen F\u00e4higkeiten, um selbstst\u00e4ndig Dinge zu erledigen oder Handlungen auszuf\u00fchren.<\/p><p>Ergotherapeuten arbeiten auf der Basis wissenschaftlicher Grundlagen und einer fundierten mehrj\u00e4hrigen Ausbildung und\/oder eines Studiums. Ihr vielschichtiges Aufgabenfeld beherrschen sie dank ihrer in Theorie und Praxis erworbenen, breit gef\u00e4cherten Kenntnisse der Zusammenh\u00e4nge von Gesundheit.<\/p>\t\t\t\t\t\t\t\t<\/div>\n\t\t\t\t<\/div>\n\t\t\t\t<div class=\"elementor-element elementor-element-e4635c0 elementor-widget-divider--view-line elementor-widget elementor-widget-divider\" data-id=\"e4635c0\" data-element_type=\"widget\" data-widget_type=\"divider.default\">\n\t\t\t\t<div class=\"elementor-widget-container\">\n\t\t\t\t\t\t\t<div class=\"elementor-divider\">\n\t\t\t<span class=\"elementor-divider-separator\">\n\t\t\t\t\t\t<\/span>\n\t\t<\/div>\n\t\t\t\t\t\t<\/div>\n\t\t\t\t<\/div>\n\t\t\t\t<div class=\"elementor-element elementor-element-6220cb5 elementor-widget elementor-widget-n-accordion\" data-id=\"6220cb5\" data-element_type=\"widget\" data-settings=\"{&quot;default_state&quot;:&quot;expanded&quot;,&quot;max_items_expended&quot;:&quot;one&quot;,&quot;n_accordion_animation_duration&quot;:{&quot;unit&quot;:&quot;ms&quot;,&quot;size&quot;:400,&quot;sizes&quot;:[]}}\" data-widget_type=\"nested-accordion.default\">\n\t\t\t\t<div class=\"elementor-widget-container\">\n\t\t\t\t\t\t\t<div class=\"e-n-accordion\" aria-label=\"Accordion. Open links with Enter or Space, close with Escape, and navigate with Arrow Keys\">\n\t\t\t\t\t\t<details id=\"e-n-accordion-item-1020\" class=\"e-n-accordion-item\" open>\n\t\t\t\t<summary class=\"e-n-accordion-item-title\" data-accordion-index=\"1\" tabindex=\"0\" aria-expanded=\"true\" aria-controls=\"e-n-accordion-item-1020\" >\n\t\t\t\t\t<span class='e-n-accordion-item-title-header'><div class=\"e-n-accordion-item-title-text\"> Der Weg zur Ergotherapie <\/div><\/span>\n\t\t\t\t\t\t\t<span class='e-n-accordion-item-title-icon'>\n\t\t\t<span class='e-opened' ><svg aria-hidden=\"true\" class=\"e-font-icon-svg e-fas-minus-circle\" viewBox=\"0 0 512 512\" xmlns=\"http:\/\/www.w3.org\/2000\/svg\"><path d=\"M256 8C119 8 8 119 8 256s111 248 248 248 248-111 248-248S393 8 256 8zM124 296c-6.6 0-12-5.4-12-12v-56c0-6.6 5.4-12 12-12h264c6.6 0 12 5.4 12 12v56c0 6.6-5.4 12-12 12H124z\"><\/path><\/svg><\/span>\n\t\t\t<span class='e-closed'><svg aria-hidden=\"true\" class=\"e-font-icon-svg e-fas-plus-circle\" viewBox=\"0 0 512 512\" xmlns=\"http:\/\/www.w3.org\/2000\/svg\"><path d=\"M256 8C119 8 8 119 8 256s111 248 248 248 248-111 248-248S393 8 256 8zm144 276c0 6.6-5.4 12-12 12h-92v92c0 6.6-5.4 12-12 12h-56c-6.6 0-12-5.4-12-12v-92h-92c-6.6 0-12-5.4-12-12v-56c0-6.6 5.4-12 12-12h92v-92c0-6.6 5.4-12 12-12h56c6.6 0 12 5.4 12 12v92h92c6.6 0 12 5.4 12 12v56z\"><\/path><\/svg><\/span>\n\t\t<\/span>\n\n\t\t\t\t\t\t<\/summary>\n\t\t\t\t<div role=\"region\" aria-labelledby=\"e-n-accordion-item-1020\" class=\"elementor-element elementor-element-e764a6e e-con-full e-flex e-con e-child\" data-id=\"e764a6e\" data-element_type=\"container\">\n\t\t\t\t<div class=\"elementor-element elementor-element-3983d91 elementor-widget elementor-widget-text-editor\" data-id=\"3983d91\" data-element_type=\"widget\" data-widget_type=\"text-editor.default\">\n\t\t\t\t<div class=\"elementor-widget-container\">\n\t\t\t\t\t\t\t\t\t<p>Eine ergotherapeutische Behandlung kann z. B. w\u00e4hrend eines Klinikaufenthalts, einer Rehabilitationsma\u00dfnahme, in einem Altenheim oder in Einrichtungen der Fr\u00fchf\u00f6rderung erfolgen. Zunehmend wird Ergotherapie auch am Arbeitsplatz eingesetzt, etwa im Rahmen der betrieblichen Wiedereingliederung. Deutschlandweit bieten Ergotherapeuten dar\u00fcber hinaus auch ambulant, also in eigener Praxis, ihre gesundheitlichen Dienste an. Viele Praxen verf\u00fcgen \u00fcber barrierefreie R\u00e4umlichkeiten und fast alle bieten Hausbesuche an.<\/p><p>Die Verordnung f\u00fcr eine ambulante Ergotherapie stellt die behandelnde \u00c4rztin aus. Pro Verordnung (Rezept) m\u00fcssen Patienten in der Regel eine Zuzahlung von 10 % selbst tragen. Die erste Verordnung umfasst \u00fcblicherweise zehn Behandlungseinheiten. Erfolgt danach eine Weiterbehandlung, so werden in der Regel erneut zehn Therapieeinheiten verordnet. Eine Therapieeinheit betr\u00e4gt je nach durchgef\u00fchrter Ma\u00dfnahme zwischen 30 und 60 Minuten. Die Frequenz der Behandlungstermine ist abh\u00e4ngig von der Situation der Betroffenen. Bei medizinischer Notwendigkeit, wenn eine Patientin also nicht in die Praxis kommen kann, findet Ergotherapie auch als Hausbesuch statt.<\/p>\t\t\t\t\t\t\t\t<\/div>\n\t\t\t\t<\/div>\n\t\t\t\t<div class=\"elementor-element elementor-element-d31ba93 elementor-widget-divider--view-line elementor-widget elementor-widget-divider\" data-id=\"d31ba93\" data-element_type=\"widget\" data-widget_type=\"divider.default\">\n\t\t\t\t<div class=\"elementor-widget-container\">\n\t\t\t\t\t\t\t<div class=\"elementor-divider\">\n\t\t\t<span class=\"elementor-divider-separator\">\n\t\t\t\t\t\t<\/span>\n\t\t<\/div>\n\t\t\t\t\t\t<\/div>\n\t\t\t\t<\/div>\n\t\t\t\t<\/div>\n\t\t\t\t\t<\/details>\n\t\t\t\t\t\t<details id=\"e-n-accordion-item-1021\" class=\"e-n-accordion-item\" >\n\t\t\t\t<summary class=\"e-n-accordion-item-title\" data-accordion-index=\"2\" tabindex=\"-1\" aria-expanded=\"false\" aria-controls=\"e-n-accordion-item-1021\" >\n\t\t\t\t\t<span class='e-n-accordion-item-title-header'><div class=\"e-n-accordion-item-title-text\"> Behandlungsablauf <\/div><\/span>\n\t\t\t\t\t\t\t<span class='e-n-accordion-item-title-icon'>\n\t\t\t<span class='e-opened' ><svg aria-hidden=\"true\" class=\"e-font-icon-svg e-fas-minus-circle\" viewBox=\"0 0 512 512\" xmlns=\"http:\/\/www.w3.org\/2000\/svg\"><path d=\"M256 8C119 8 8 119 8 256s111 248 248 248 248-111 248-248S393 8 256 8zM124 296c-6.6 0-12-5.4-12-12v-56c0-6.6 5.4-12 12-12h264c6.6 0 12 5.4 12 12v56c0 6.6-5.4 12-12 12H124z\"><\/path><\/svg><\/span>\n\t\t\t<span class='e-closed'><svg aria-hidden=\"true\" class=\"e-font-icon-svg e-fas-plus-circle\" viewBox=\"0 0 512 512\" xmlns=\"http:\/\/www.w3.org\/2000\/svg\"><path d=\"M256 8C119 8 8 119 8 256s111 248 248 248 248-111 248-248S393 8 256 8zm144 276c0 6.6-5.4 12-12 12h-92v92c0 6.6-5.4 12-12 12h-56c-6.6 0-12-5.4-12-12v-92h-92c-6.6 0-12-5.4-12-12v-56c0-6.6 5.4-12 12-12h92v-92c0-6.6 5.4-12 12-12h56c6.6 0 12 5.4 12 12v92h92c6.6 0 12 5.4 12 12v56z\"><\/path><\/svg><\/span>\n\t\t<\/span>\n\n\t\t\t\t\t\t<\/summary>\n\t\t\t\t<div role=\"region\" aria-labelledby=\"e-n-accordion-item-1021\" class=\"elementor-element elementor-element-7b10f34 e-con-full e-flex e-con e-child\" data-id=\"7b10f34\" data-element_type=\"container\">\n\t\t\t\t<div class=\"elementor-element elementor-element-3bedfe4 elementor-widget elementor-widget-text-editor\" data-id=\"3bedfe4\" data-element_type=\"widget\" data-widget_type=\"text-editor.default\">\n\t\t\t\t<div class=\"elementor-widget-container\">\n\t\t\t\t\t\t\t\t\t<p>Folgende Punkte helfen Ihnen, eine an Ihren Bed\u00fcrfnissen ausgerichtete ergotherapeutische Behandlung zu erkennen:<\/p><p>Sie haben in der Regel eine feste Ergotherapeutin als Behandlerin.<br \/>Nach einem sorgf\u00e4ltigen Aufnahmegespr\u00e4ch und der ergotherapeutischen Befunderhebung werden Sie, und bei Bedarf Ihre Angeh\u00f6rigen, in die Planung Ihrer Therapie einbezogen.<\/p><ul><li style=\"font-weight: 400;\" aria-level=\"1\">Ihre Ziele werden erfragt.<\/li><li style=\"font-weight: 400;\" aria-level=\"1\">Gemeinsam mit Ihnen werden das Vorgehen festgelegt und die Art der Behandlung besprochen.<\/li><li style=\"font-weight: 400;\" aria-level=\"1\">Fragen zu Ihrer Behandlung werden Ihnen umfassend und f\u00fcr Sie nachvollziehbar erl\u00e4utert.<\/li><li style=\"font-weight: 400;\" aria-level=\"1\">Ihre pers\u00f6nliche Befindlichkeit wird in der (aktuellen) Behandlung ber\u00fccksichtigt.<\/li><li style=\"font-weight: 400;\" aria-level=\"1\">Sie f\u00fchlen sich mit Ihren Problemen angenommen und in der Ergotherapie gut aufgehoben.<\/li><li style=\"font-weight: 400;\" aria-level=\"1\">Gegen Ende der Behandlungen (evtl. auch h\u00e4ufiger), die auf einer Verordnung verschrieben sind, wird Ihre Ergotherapeutin mit Ihnen pr\u00fcfen, ob die eingangs vereinbarten Therapieziele erreicht wurden. So finden Sie heraus, ob die Therapie erfolgreich war oder noch weiterer Therapiebedarf besteht, um die gew\u00fcnschten Verbesserungen zu erzielen.<\/li><\/ul>\t\t\t\t\t\t\t\t<\/div>\n\t\t\t\t<\/div>\n\t\t\t\t<div class=\"elementor-element elementor-element-1e716de elementor-widget-divider--view-line elementor-widget elementor-widget-divider\" data-id=\"1e716de\" data-element_type=\"widget\" data-widget_type=\"divider.default\">\n\t\t\t\t<div class=\"elementor-widget-container\">\n\t\t\t\t\t\t\t<div class=\"elementor-divider\">\n\t\t\t<span class=\"elementor-divider-separator\">\n\t\t\t\t\t\t<\/span>\n\t\t<\/div>\n\t\t\t\t\t\t<\/div>\n\t\t\t\t<\/div>\n\t\t\t\t<\/div>\n\t\t\t\t\t<\/details>\n\t\t\t\t\t<\/div>\n\t\t\t\t\t\t<\/div>\n\t\t\t\t<\/div>\n\t\t\t\t<\/div>\n\t\t<div class=\"elementor-element elementor-element-e4ce64d e-con-full elementor-hidden-mobile e-flex e-con e-child\" data-id=\"e4ce64d\" data-element_type=\"container\">\n\t\t\t\t<div class=\"elementor-element elementor-element-1b94f53 elementor-view-default elementor-widget elementor-widget-icon\" data-id=\"1b94f53\" data-element_type=\"widget\" data-widget_type=\"icon.default\">\n\t\t\t\t<div class=\"elementor-widget-container\">\n\t\t\t\t\t\t\t<div class=\"elementor-icon-wrapper\">\n\t\t\t<div class=\"elementor-icon\">\n\t\t\t<svg aria-hidden=\"true\" class=\"e-font-icon-svg e-fas-circle\" viewBox=\"0 0 512 512\" xmlns=\"http:\/\/www.w3.org\/2000\/svg\"><path d=\"M256 8C119 8 8 119 8 256s111 248 248 248 248-111 248-248S393 8 256 8z\"><\/path><\/svg>\t\t\t<\/div>\n\t\t<\/div>\n\t\t\t\t\t\t<\/div>\n\t\t\t\t<\/div>\n\t\t<div class=\"elementor-element elementor-element-8eb75a5 e-con-full e-flex e-con e-child\" data-id=\"8eb75a5\" data-element_type=\"container\">\n\t\t<div class=\"elementor-element elementor-element-91d42a4 e-con-full e-flex e-con e-child\" data-id=\"91d42a4\" data-element_type=\"container\">\n\t\t\t\t<div class=\"elementor-element elementor-element-f48be9b elementor-view-default elementor-widget elementor-widget-icon\" data-id=\"f48be9b\" data-element_type=\"widget\" data-widget_type=\"icon.default\">\n\t\t\t\t<div class=\"elementor-widget-container\">\n\t\t\t\t\t\t\t<div class=\"elementor-icon-wrapper\">\n\t\t\t<div class=\"elementor-icon\">\n\t\t\t<svg aria-hidden=\"true\" class=\"e-font-icon-svg e-fas-circle\" viewBox=\"0 0 512 512\" xmlns=\"http:\/\/www.w3.org\/2000\/svg\"><path d=\"M256 8C119 8 8 119 8 256s111 248 248 248 248-111 248-248S393 8 256 8z\"><\/path><\/svg>\t\t\t<\/div>\n\t\t<\/div>\n\t\t\t\t\t\t<\/div>\n\t\t\t\t<\/div>\n\t\t\t\t<\/div>\n\t\t<div class=\"elementor-element elementor-element-7bce3a3 e-grid e-con-full e-con e-child\" data-id=\"7bce3a3\" data-element_type=\"container\">\n\t\t\t\t<div class=\"elementor-element elementor-element-caa48d3 elementor-view-default elementor-widget elementor-widget-icon\" data-id=\"caa48d3\" data-element_type=\"widget\" data-widget_type=\"icon.default\">\n\t\t\t\t<div class=\"elementor-widget-container\">\n\t\t\t\t\t\t\t<div class=\"elementor-icon-wrapper\">\n\t\t\t<div class=\"elementor-icon\">\n\t\t\t<svg aria-hidden=\"true\" class=\"e-font-icon-svg e-fas-circle\" viewBox=\"0 0 512 512\" xmlns=\"http:\/\/www.w3.org\/2000\/svg\"><path d=\"M256 8C119 8 8 119 8 256s111 248 248 248 248-111 248-248S393 8 256 8z\"><\/path><\/svg>\t\t\t<\/div>\n\t\t<\/div>\n\t\t\t\t\t\t<\/div>\n\t\t\t\t<\/div>\n\t\t\t\t<div class=\"elementor-element elementor-element-4d8d250 elementor-view-default elementor-widget elementor-widget-icon\" data-id=\"4d8d250\" data-element_type=\"widget\" data-widget_type=\"icon.default\">\n\t\t\t\t<div class=\"elementor-widget-container\">\n\t\t\t\t\t\t\t<div class=\"elementor-icon-wrapper\">\n\t\t\t<div class=\"elementor-icon\">\n\t\t\t<svg aria-hidden=\"true\" class=\"e-font-icon-svg e-fas-circle\" viewBox=\"0 0 512 512\" xmlns=\"http:\/\/www.w3.org\/2000\/svg\"><path d=\"M256 8C119 8 8 119 8 256s111 248 248 248 248-111 248-248S393 8 256 8z\"><\/path><\/svg>\t\t\t<\/div>\n\t\t<\/div>\n\t\t\t\t\t\t<\/div>\n\t\t\t\t<\/div>\n\t\t\t\t<\/div>\n\t\t\t\t<\/div>\n\t\t\t\t<\/div>\n\t\t<div class=\"elementor-element elementor-element-82d07e8 e-con-full e-flex e-con e-child\" data-id=\"82d07e8\" data-element_type=\"container\">\n\t\t\t\t<div class=\"elementor-element elementor-element-d333c03 elementor-view-default elementor-widget elementor-widget-icon\" data-id=\"d333c03\" data-element_type=\"widget\" data-widget_type=\"icon.default\">\n\t\t\t\t<div class=\"elementor-widget-container\">\n\t\t\t\t\t\t\t<div class=\"elementor-icon-wrapper\">\n\t\t\t<div class=\"elementor-icon\">\n\t\t\t<svg aria-hidden=\"true\" class=\"e-font-icon-svg e-fas-circle\" viewBox=\"0 0 512 512\" xmlns=\"http:\/\/www.w3.org\/2000\/svg\"><path d=\"M256 8C119 8 8 119 8 256s111 248 248 248 248-111 248-248S393 8 256 8z\"><\/path><\/svg>\t\t\t<\/div>\n\t\t<\/div>\n\t\t\t\t\t\t<\/div>\n\t\t\t\t<\/div>\n\t\t\t\t<\/div>\n\t\t<div class=\"elementor-element elementor-element-e48ab1e e-con-full e-flex e-con e-child\" data-id=\"e48ab1e\" data-element_type=\"container\">\n\t\t\t\t<div class=\"elementor-element elementor-element-6f4329b elementor-view-default elementor-widget elementor-widget-icon\" data-id=\"6f4329b\" data-element_type=\"widget\" data-widget_type=\"icon.default\">\n\t\t\t\t<div class=\"elementor-widget-container\">\n\t\t\t\t\t\t\t<div class=\"elementor-icon-wrapper\">\n\t\t\t<div class=\"elementor-icon\">\n\t\t\t<svg aria-hidden=\"true\" class=\"e-font-icon-svg e-fas-circle\" viewBox=\"0 0 512 512\" xmlns=\"http:\/\/www.w3.org\/2000\/svg\"><path d=\"M256 8C119 8 8 119 8 256s111 248 248 248 248-111 248-248S393 8 256 8z\"><\/path><\/svg>\t\t\t<\/div>\n\t\t<\/div>\n\t\t\t\t\t\t<\/div>\n\t\t\t\t<\/div>\n\t\t\t\t<\/div>\n\t\t\t\t\t<\/div>\n\t\t\t\t<\/div>\n\t\t<div class=\"elementor-element elementor-element-30c228c e-flex e-con-boxed e-con e-parent\" data-id=\"30c228c\" data-element_type=\"container\">\n\t\t\t\t\t<div class=\"e-con-inner\">\n\t\t\t\t\t<\/div>\n\t\t\t\t<\/div>\n\t\t<div class=\"elementor-element elementor-element-8ada864 e-flex e-con-boxed e-con e-parent\" data-id=\"8ada864\" data-element_type=\"container\">\n\t\t\t\t\t<div class=\"e-con-inner\">\n\t\t\t\t<div class=\"elementor-element elementor-element-6e505da elementor-widget elementor-widget-spacer\" data-id=\"6e505da\" data-element_type=\"widget\" data-widget_type=\"spacer.default\">\n\t\t\t\t<div class=\"elementor-widget-container\">\n\t\t\t\t\t\t\t<div class=\"elementor-spacer\">\n\t\t\t<div class=\"elementor-spacer-inner\"><\/div>\n\t\t<\/div>\n\t\t\t\t\t\t<\/div>\n\t\t\t\t<\/div>\n\t\t\t\t\t<\/div>\n\t\t\t\t<\/div>\n\t\t\t\t<\/div>\n\t\t","protected":false},"excerpt":{"rendered":"<p>Informationen f\u00fcr Patienten Selbst handeln zu k\u00f6nnen, sich sinnvoll zu bet\u00e4tigen und das eigene Leben in der Hand zu haben [&hellip;]<\/p>\n","protected":false},"author":1,"featured_media":0,"parent":0,"menu_order":0,"comment_status":"closed","ping_status":"closed","template":"","meta":{"site-sidebar-layout":"no-sidebar","site-content-layout":"","ast-site-content-layout":"full-width-container","site-content-style":"default","site-sidebar-style":"default","ast-global-header-display":"","ast-banner-title-visibility":"","ast-main-header-display":"","ast-hfb-above-header-display":"","ast-hfb-below-header-display":"","ast-hfb-mobile-header-display":"","site-post-title":"disabled","ast-breadcrumbs-content":"","ast-featured-img":"disabled","footer-sml-layout":"","theme-transparent-header-meta":"","adv-header-id-meta":"","stick-header-meta":"","header-above-stick-meta":"","header-main-stick-meta":"","header-below-stick-meta":"","astra-migrate-meta-layouts":"default","ast-page-background-enabled":"default","ast-page-background-meta":{"desktop":{"background-color":"var(--ast-global-color-4)","background-image":"","background-repeat":"repeat","background-position":"center center","background-size":"auto","background-attachment":"scroll","background-type":"","background-media":"","overlay-type":"","overlay-color":"","overlay-opacity":"","overlay-gradient":""},"tablet":{"background-color":"","background-image":"","background-repeat":"repeat","background-position":"center center","background-size":"auto","background-attachment":"scroll","background-type":"","background-media":"","overlay-type":"","overlay-color":"","overlay-opacity":"","overlay-gradient":""},"mobile":{"background-color":"","background-image":"","background-repeat":"repeat","background-position":"center center","background-size":"auto","background-attachment":"scroll","background-type":"","background-media":"","overlay-type":"","overlay-color":"","overlay-opacity":"","overlay-gradient":""}},"ast-content-background-meta":{"desktop":{"background-color":"var(--ast-global-color-5)","background-image":"","background-repeat":"repeat","background-position":"center center","background-size":"auto","background-attachment":"scroll","background-type":"","background-media":"","overlay-type":"","overlay-color":"","overlay-opacity":"","overlay-gradient":""},"tablet":{"background-color":"var(--ast-global-color-5)","background-image":"","background-repeat":"repeat","background-position":"center center","background-size":"auto","background-attachment":"scroll","background-type":"","background-media":"","overlay-type":"","overlay-color":"","overlay-opacity":"","overlay-gradient":""},"mobile":{"background-color":"var(--ast-global-color-5)","background-image":"","background-repeat":"repeat","background-position":"center center","background-size":"auto","background-attachment":"scroll","background-type":"","background-media":"","overlay-type":"","overlay-color":"","overlay-opacity":"","overlay-gradient":""}},"footnotes":""},"class_list":["post-362","page","type-page","status-publish","hentry"],"_links":{"self":[{"href":"https:\/\/fotostudio-xxelf.de\/index.php\/wp-json\/wp\/v2\/pages\/362","targetHints":{"allow":["GET"]}}],"collection":[{"href":"https:\/\/fotostudio-xxelf.de\/index.php\/wp-json\/wp\/v2\/pages"}],"about":[{"href":"https:\/\/fotostudio-xxelf.de\/index.php\/wp-json\/wp\/v2\/types\/page"}],"author":[{"embeddable":true,"href":"https:\/\/fotostudio-xxelf.de\/index.php\/wp-json\/wp\/v2\/users\/1"}],"replies":[{"embeddable":true,"href":"https:\/\/fotostudio-xxelf.de\/index.php\/wp-json\/wp\/v2\/comments?post=362"}],"version-history":[{"count":34,"href":"https:\/\/fotostudio-xxelf.de\/index.php\/wp-json\/wp\/v2\/pages\/362\/revisions"}],"predecessor-version":[{"id":1434,"href":"https:\/\/fotostudio-xxelf.de\/index.php\/wp-json\/wp\/v2\/pages\/362\/revisions\/1434"}],"wp:attachment":[{"href":"https:\/\/fotostudio-xxelf.de\/index.php\/wp-json\/wp\/v2\/media?parent=362"}],"curies":[{"name":"wp","href":"https:\/\/api.w.org\/{rel}","templated":true}]}}