{"id":18,"date":"2024-11-30T17:04:23","date_gmt":"2024-11-30T16:04:23","guid":{"rendered":"http:\/\/fotostudio-xxelf.de\/?page_id=18"},"modified":"2025-01-09T13:39:14","modified_gmt":"2025-01-09T12:39:14","slug":"fachbereiche","status":"publish","type":"page","link":"https:\/\/fotostudio-xxelf.de\/index.php\/fachbereiche\/","title":{"rendered":"Fachbereiche"},"content":{"rendered":"\t\t<div data-elementor-type=\"wp-page\" data-elementor-id=\"18\" class=\"elementor elementor-18\">\n\t\t\t\t<div class=\"elementor-element elementor-element-10db8fa2 e-flex e-con-boxed e-con e-parent\" data-id=\"10db8fa2\" data-element_type=\"container\" data-settings=\"{&quot;background_background&quot;:&quot;classic&quot;}\">\n\t\t\t\t\t<div class=\"e-con-inner\">\n\t\t<div class=\"elementor-element elementor-element-4218f661 e-con-full e-flex e-con e-child\" data-id=\"4218f661\" data-element_type=\"container\">\n\t\t\t\t<\/div>\n\t\t<div class=\"elementor-element elementor-element-3ac187de e-con-full e-flex e-con e-child\" data-id=\"3ac187de\" data-element_type=\"container\">\n\t\t\t\t<\/div>\n\t\t<div class=\"elementor-element elementor-element-5cd838f5 e-con-full e-flex e-con e-child\" data-id=\"5cd838f5\" data-element_type=\"container\">\n\t\t\t\t<div class=\"elementor-element elementor-element-397c5460 elementor-widget__width-initial elementor-widget elementor-widget-image\" data-id=\"397c5460\" data-element_type=\"widget\" data-widget_type=\"image.default\">\n\t\t\t\t<div class=\"elementor-widget-container\">\n\t\t\t\t\t\t\t\t\t\t\t\t\t\t\t<img fetchpriority=\"high\" decoding=\"async\" width=\"1024\" height=\"1018\" src=\"https:\/\/fotostudio-xxelf.de\/wp-content\/uploads\/2024\/12\/Quadrat-d9cf04-1024x1018.png\" class=\"attachment-large size-large wp-image-187\" alt=\"\" srcset=\"https:\/\/fotostudio-xxelf.de\/wp-content\/uploads\/2024\/12\/Quadrat-d9cf04-1024x1018.png 1024w, https:\/\/fotostudio-xxelf.de\/wp-content\/uploads\/2024\/12\/Quadrat-d9cf04-300x298.png 300w, https:\/\/fotostudio-xxelf.de\/wp-content\/uploads\/2024\/12\/Quadrat-d9cf04-150x150.png 150w, https:\/\/fotostudio-xxelf.de\/wp-content\/uploads\/2024\/12\/Quadrat-d9cf04-768x764.png 768w, https:\/\/fotostudio-xxelf.de\/wp-content\/uploads\/2024\/12\/Quadrat-d9cf04.png 1068w\" sizes=\"(max-width: 1024px) 100vw, 1024px\" \/>\t\t\t\t\t\t\t\t\t\t\t\t\t\t\t<\/div>\n\t\t\t\t<\/div>\n\t\t\t\t<\/div>\n\t\t<div class=\"elementor-element elementor-element-3c8e721c e-con-full e-flex e-con e-child\" data-id=\"3c8e721c\" data-element_type=\"container\">\n\t\t\t\t<div class=\"elementor-element elementor-element-4eadf78a elementor-widget elementor-widget-image\" data-id=\"4eadf78a\" data-element_type=\"widget\" data-widget_type=\"image.default\">\n\t\t\t\t<div class=\"elementor-widget-container\">\n\t\t\t\t\t\t\t\t\t\t\t\t\t\t\t<img decoding=\"async\" width=\"1024\" height=\"1018\" src=\"https:\/\/fotostudio-xxelf.de\/wp-content\/uploads\/2024\/12\/Quadrat-d9d4cc-1024x1018.png\" class=\"attachment-large size-large wp-image-188\" alt=\"\" srcset=\"https:\/\/fotostudio-xxelf.de\/wp-content\/uploads\/2024\/12\/Quadrat-d9d4cc-1024x1018.png 1024w, https:\/\/fotostudio-xxelf.de\/wp-content\/uploads\/2024\/12\/Quadrat-d9d4cc-300x298.png 300w, https:\/\/fotostudio-xxelf.de\/wp-content\/uploads\/2024\/12\/Quadrat-d9d4cc-150x150.png 150w, https:\/\/fotostudio-xxelf.de\/wp-content\/uploads\/2024\/12\/Quadrat-d9d4cc-768x764.png 768w, https:\/\/fotostudio-xxelf.de\/wp-content\/uploads\/2024\/12\/Quadrat-d9d4cc.png 1068w\" sizes=\"(max-width: 1024px) 100vw, 1024px\" \/>\t\t\t\t\t\t\t\t\t\t\t\t\t\t\t<\/div>\n\t\t\t\t<\/div>\n\t\t\t\t<div class=\"elementor-element elementor-element-4807a680 elementor-widget__width-initial elementor-widget elementor-widget-image\" data-id=\"4807a680\" data-element_type=\"widget\" data-widget_type=\"image.default\">\n\t\t\t\t<div class=\"elementor-widget-container\">\n\t\t\t\t\t\t\t\t\t\t\t\t\t\t\t<img decoding=\"async\" width=\"1024\" height=\"1018\" src=\"https:\/\/fotostudio-xxelf.de\/wp-content\/uploads\/2024\/12\/Quadrat-7f845e-1024x1018.png\" class=\"attachment-large size-large wp-image-182\" alt=\"\" srcset=\"https:\/\/fotostudio-xxelf.de\/wp-content\/uploads\/2024\/12\/Quadrat-7f845e-1024x1018.png 1024w, https:\/\/fotostudio-xxelf.de\/wp-content\/uploads\/2024\/12\/Quadrat-7f845e-300x298.png 300w, https:\/\/fotostudio-xxelf.de\/wp-content\/uploads\/2024\/12\/Quadrat-7f845e-150x150.png 150w, https:\/\/fotostudio-xxelf.de\/wp-content\/uploads\/2024\/12\/Quadrat-7f845e-768x764.png 768w, https:\/\/fotostudio-xxelf.de\/wp-content\/uploads\/2024\/12\/Quadrat-7f845e.png 1068w\" sizes=\"(max-width: 1024px) 100vw, 1024px\" \/>\t\t\t\t\t\t\t\t\t\t\t\t\t\t\t<\/div>\n\t\t\t\t<\/div>\n\t\t\t\t<\/div>\n\t\t<div class=\"elementor-element elementor-element-7c169096 e-con-full e-flex e-con e-child\" data-id=\"7c169096\" data-element_type=\"container\">\n\t\t\t\t<div class=\"elementor-element elementor-element-1cc8aa4c elementor-widget elementor-widget-text-editor\" data-id=\"1cc8aa4c\" data-element_type=\"widget\" data-widget_type=\"text-editor.default\">\n\t\t\t\t<div class=\"elementor-widget-container\">\n\t\t\t\t\t\t\t\t\t<p>Fachbereiche<\/p>\t\t\t\t\t\t\t\t<\/div>\n\t\t\t\t<\/div>\n\t\t\t\t<div class=\"elementor-element elementor-element-6fc7dad1 elementor-widget-divider--view-line elementor-widget elementor-widget-divider\" data-id=\"6fc7dad1\" data-element_type=\"widget\" data-widget_type=\"divider.default\">\n\t\t\t\t<div class=\"elementor-widget-container\">\n\t\t\t\t\t\t\t<div class=\"elementor-divider\">\n\t\t\t<span class=\"elementor-divider-separator\">\n\t\t\t\t\t\t<\/span>\n\t\t<\/div>\n\t\t\t\t\t\t<\/div>\n\t\t\t\t<\/div>\n\t\t\t\t<div class=\"elementor-element elementor-element-408c8b61 elementor-widget elementor-widget-text-editor\" data-id=\"408c8b61\" data-element_type=\"widget\" data-widget_type=\"text-editor.default\">\n\t\t\t\t<div class=\"elementor-widget-container\">\n\t\t\t\t\t\t\t\t\t<p><span style=\"font-weight: 400;\">Selbst handeln zu k\u00f6nnen, sich sinnvoll zu bet\u00e4tigen und das eigene Leben in der Hand haben sind Grundvoraussetzungen f\u00fcr Gesundheit, Wohlbefinden und Lebensqualit\u00e4t.<\/span><\/p><p><span style=\"font-weight: 400;\">Wir unterst\u00fctzen unsere (erwachsenen) Patienten, die in ihren F\u00e4higkeiten eingeschr\u00e4nkt oder von Einschr\u00e4nkungen bedroht sind und denen diese Voraussetzungen fehlen.<\/span><\/p>\t\t\t\t\t\t\t\t<\/div>\n\t\t\t\t<\/div>\n\t\t\t\t<\/div>\n\t\t<div class=\"elementor-element elementor-element-37cb0afa e-con-full e-flex e-con e-child\" data-id=\"37cb0afa\" data-element_type=\"container\">\n\t\t\t\t<div class=\"elementor-element elementor-element-470807cb elementor-widget elementor-widget-image\" data-id=\"470807cb\" data-element_type=\"widget\" data-widget_type=\"image.default\">\n\t\t\t\t<div class=\"elementor-widget-container\">\n\t\t\t\t\t\t\t\t\t\t\t\t\t\t\t<img decoding=\"async\" width=\"1024\" height=\"1018\" src=\"https:\/\/fotostudio-xxelf.de\/wp-content\/uploads\/2024\/12\/Quadrat-7f845e-1024x1018.png\" class=\"attachment-large size-large wp-image-182\" alt=\"\" srcset=\"https:\/\/fotostudio-xxelf.de\/wp-content\/uploads\/2024\/12\/Quadrat-7f845e-1024x1018.png 1024w, https:\/\/fotostudio-xxelf.de\/wp-content\/uploads\/2024\/12\/Quadrat-7f845e-300x298.png 300w, https:\/\/fotostudio-xxelf.de\/wp-content\/uploads\/2024\/12\/Quadrat-7f845e-150x150.png 150w, https:\/\/fotostudio-xxelf.de\/wp-content\/uploads\/2024\/12\/Quadrat-7f845e-768x764.png 768w, https:\/\/fotostudio-xxelf.de\/wp-content\/uploads\/2024\/12\/Quadrat-7f845e.png 1068w\" sizes=\"(max-width: 1024px) 100vw, 1024px\" \/>\t\t\t\t\t\t\t\t\t\t\t\t\t\t\t<\/div>\n\t\t\t\t<\/div>\n\t\t\t\t<div class=\"elementor-element elementor-element-5a7f9369 elementor-widget__width-initial elementor-widget elementor-widget-image\" data-id=\"5a7f9369\" data-element_type=\"widget\" data-widget_type=\"image.default\">\n\t\t\t\t<div class=\"elementor-widget-container\">\n\t\t\t\t\t\t\t\t\t\t\t\t\t\t\t<img loading=\"lazy\" decoding=\"async\" width=\"1024\" height=\"1018\" src=\"https:\/\/fotostudio-xxelf.de\/wp-content\/uploads\/2024\/12\/Quadrat-a8b545-1024x1018.png\" class=\"attachment-large size-large wp-image-186\" alt=\"\" srcset=\"https:\/\/fotostudio-xxelf.de\/wp-content\/uploads\/2024\/12\/Quadrat-a8b545-1024x1018.png 1024w, https:\/\/fotostudio-xxelf.de\/wp-content\/uploads\/2024\/12\/Quadrat-a8b545-300x298.png 300w, https:\/\/fotostudio-xxelf.de\/wp-content\/uploads\/2024\/12\/Quadrat-a8b545-150x150.png 150w, https:\/\/fotostudio-xxelf.de\/wp-content\/uploads\/2024\/12\/Quadrat-a8b545-768x764.png 768w, https:\/\/fotostudio-xxelf.de\/wp-content\/uploads\/2024\/12\/Quadrat-a8b545.png 1068w\" sizes=\"(max-width: 1024px) 100vw, 1024px\" \/>\t\t\t\t\t\t\t\t\t\t\t\t\t\t\t<\/div>\n\t\t\t\t<\/div>\n\t\t\t\t<\/div>\n\t\t\t\t\t<\/div>\n\t\t\t\t<\/div>\n\t\t<div class=\"elementor-element elementor-element-593a510 e-flex e-con-boxed e-con e-parent\" data-id=\"593a510\" data-element_type=\"container\">\n\t\t\t\t\t<div class=\"e-con-inner\">\n\t\t\t\t<div class=\"elementor-element elementor-element-f3e3742 elementor-widget elementor-widget-heading\" data-id=\"f3e3742\" data-element_type=\"widget\" data-widget_type=\"heading.default\">\n\t\t\t\t<div class=\"elementor-widget-container\">\n\t\t\t\t\t<h2 class=\"elementor-heading-title elementor-size-default\">In folgenden Fachbereichen sind wir t\u00e4tig: \n<\/h2>\t\t\t\t<\/div>\n\t\t\t\t<\/div>\n\t\t\t\t\t<\/div>\n\t\t\t\t<\/div>\n\t\t<div class=\"elementor-element elementor-element-63f83ff e-flex e-con-boxed e-con e-parent\" data-id=\"63f83ff\" data-element_type=\"container\">\n\t\t\t\t\t<div class=\"e-con-inner\">\n\t\t<div class=\"elementor-element elementor-element-a79ed24 e-grid e-con-full e-con e-child\" data-id=\"a79ed24\" data-element_type=\"container\">\n\t\t<div class=\"elementor-element elementor-element-b19c820 e-con-full e-flex e-con e-child\" data-id=\"b19c820\" data-element_type=\"container\">\n\t\t\t\t<div class=\"elementor-element elementor-element-1441931 elementor-widget elementor-widget-image\" data-id=\"1441931\" data-element_type=\"widget\" data-widget_type=\"image.default\">\n\t\t\t\t<div class=\"elementor-widget-container\">\n\t\t\t\t\t\t\t\t\t\t\t\t\t\t\t<img decoding=\"async\" src=\"https:\/\/fotostudio-xxelf.de\/wp-content\/plugins\/elementor\/assets\/images\/placeholder.png\" title=\"\" alt=\"\" loading=\"lazy\" \/>\t\t\t\t\t\t\t\t\t\t\t\t\t\t\t<\/div>\n\t\t\t\t<\/div>\n\t\t\t\t<div class=\"elementor-element elementor-element-df3e4ae elementor-widget elementor-widget-heading\" data-id=\"df3e4ae\" data-element_type=\"widget\" data-widget_type=\"heading.default\">\n\t\t\t\t<div class=\"elementor-widget-container\">\n\t\t\t\t\t<h4 class=\"elementor-heading-title elementor-size-default\">Neurologie<\/h4>\t\t\t\t<\/div>\n\t\t\t\t<\/div>\n\t\t\t\t<div class=\"elementor-element elementor-element-a98b8a7 elementor-widget-divider--view-line elementor-widget elementor-widget-divider\" data-id=\"a98b8a7\" data-element_type=\"widget\" data-widget_type=\"divider.default\">\n\t\t\t\t<div class=\"elementor-widget-container\">\n\t\t\t\t\t\t\t<div class=\"elementor-divider\">\n\t\t\t<span class=\"elementor-divider-separator\">\n\t\t\t\t\t\t<\/span>\n\t\t<\/div>\n\t\t\t\t\t\t<\/div>\n\t\t\t\t<\/div>\n\t\t\t\t<div class=\"elementor-element elementor-element-86dbd13 elementor-widget elementor-widget-text-editor\" data-id=\"86dbd13\" data-element_type=\"widget\" data-widget_type=\"text-editor.default\">\n\t\t\t\t<div class=\"elementor-widget-container\">\n\t\t\t\t\t\t\t\t\t<p>Lorem ipsum dolor sit amet, consectetur adipiscing elit. Ut elit tellus, luctus nec ullamcorper mattis, pulvinar dapibus leo.<\/p>\t\t\t\t\t\t\t\t<\/div>\n\t\t\t\t<\/div>\n\t\t\t\t<\/div>\n\t\t<div class=\"elementor-element elementor-element-c853c74 e-con-full e-flex e-con e-child\" data-id=\"c853c74\" data-element_type=\"container\">\n\t\t\t\t<div class=\"elementor-element elementor-element-19bbf69 elementor-widget elementor-widget-image\" data-id=\"19bbf69\" data-element_type=\"widget\" data-widget_type=\"image.default\">\n\t\t\t\t<div class=\"elementor-widget-container\">\n\t\t\t\t\t\t\t\t\t\t\t\t\t\t\t<img decoding=\"async\" src=\"https:\/\/fotostudio-xxelf.de\/wp-content\/plugins\/elementor\/assets\/images\/placeholder.png\" title=\"\" alt=\"\" loading=\"lazy\" \/>\t\t\t\t\t\t\t\t\t\t\t\t\t\t\t<\/div>\n\t\t\t\t<\/div>\n\t\t\t\t<div class=\"elementor-element elementor-element-72c8b08 elementor-widget elementor-widget-heading\" data-id=\"72c8b08\" data-element_type=\"widget\" data-widget_type=\"heading.default\">\n\t\t\t\t<div class=\"elementor-widget-container\">\n\t\t\t\t\t<h4 class=\"elementor-heading-title elementor-size-default\">Orthop\u00e4die<\/h4>\t\t\t\t<\/div>\n\t\t\t\t<\/div>\n\t\t\t\t<div class=\"elementor-element elementor-element-7166561 elementor-widget-divider--view-line elementor-widget elementor-widget-divider\" data-id=\"7166561\" data-element_type=\"widget\" data-widget_type=\"divider.default\">\n\t\t\t\t<div class=\"elementor-widget-container\">\n\t\t\t\t\t\t\t<div class=\"elementor-divider\">\n\t\t\t<span class=\"elementor-divider-separator\">\n\t\t\t\t\t\t<\/span>\n\t\t<\/div>\n\t\t\t\t\t\t<\/div>\n\t\t\t\t<\/div>\n\t\t\t\t<div class=\"elementor-element elementor-element-4283d4f elementor-widget elementor-widget-text-editor\" data-id=\"4283d4f\" data-element_type=\"widget\" data-widget_type=\"text-editor.default\">\n\t\t\t\t<div class=\"elementor-widget-container\">\n\t\t\t\t\t\t\t\t\t<p>Lorem ipsum dolor sit amet, consectetur adipiscing elit. Ut elit tellus, luctus nec ullamcorper mattis, pulvinar dapibus leo.<\/p>\t\t\t\t\t\t\t\t<\/div>\n\t\t\t\t<\/div>\n\t\t\t\t<\/div>\n\t\t<div class=\"elementor-element elementor-element-647ef85 e-con-full e-flex e-con e-child\" data-id=\"647ef85\" data-element_type=\"container\">\n\t\t\t\t<div class=\"elementor-element elementor-element-8b1ad76 elementor-widget elementor-widget-image\" data-id=\"8b1ad76\" data-element_type=\"widget\" data-widget_type=\"image.default\">\n\t\t\t\t<div class=\"elementor-widget-container\">\n\t\t\t\t\t\t\t\t\t\t\t\t\t\t\t<img decoding=\"async\" src=\"https:\/\/fotostudio-xxelf.de\/wp-content\/plugins\/elementor\/assets\/images\/placeholder.png\" title=\"\" alt=\"\" loading=\"lazy\" \/>\t\t\t\t\t\t\t\t\t\t\t\t\t\t\t<\/div>\n\t\t\t\t<\/div>\n\t\t\t\t<div class=\"elementor-element elementor-element-4b210c0 elementor-widget elementor-widget-heading\" data-id=\"4b210c0\" data-element_type=\"widget\" data-widget_type=\"heading.default\">\n\t\t\t\t<div class=\"elementor-widget-container\">\n\t\t\t\t\t<h4 class=\"elementor-heading-title elementor-size-default\">Geriatrie<\/h4>\t\t\t\t<\/div>\n\t\t\t\t<\/div>\n\t\t\t\t<div class=\"elementor-element elementor-element-838efcf elementor-widget-divider--view-line elementor-widget elementor-widget-divider\" data-id=\"838efcf\" data-element_type=\"widget\" data-widget_type=\"divider.default\">\n\t\t\t\t<div class=\"elementor-widget-container\">\n\t\t\t\t\t\t\t<div class=\"elementor-divider\">\n\t\t\t<span class=\"elementor-divider-separator\">\n\t\t\t\t\t\t<\/span>\n\t\t<\/div>\n\t\t\t\t\t\t<\/div>\n\t\t\t\t<\/div>\n\t\t\t\t<div class=\"elementor-element elementor-element-17e5be2 elementor-widget elementor-widget-text-editor\" data-id=\"17e5be2\" data-element_type=\"widget\" data-widget_type=\"text-editor.default\">\n\t\t\t\t<div class=\"elementor-widget-container\">\n\t\t\t\t\t\t\t\t\t<p>Lorem ipsum dolor sit amet, consectetur adipiscing elit. Ut elit tellus, luctus nec ullamcorper mattis, pulvinar dapibus leo.<\/p>\t\t\t\t\t\t\t\t<\/div>\n\t\t\t\t<\/div>\n\t\t\t\t<\/div>\n\t\t<div class=\"elementor-element elementor-element-06b4d4b e-con-full e-flex e-con e-child\" data-id=\"06b4d4b\" data-element_type=\"container\">\n\t\t\t\t<div class=\"elementor-element elementor-element-b5ac763 elementor-widget elementor-widget-image\" data-id=\"b5ac763\" data-element_type=\"widget\" data-widget_type=\"image.default\">\n\t\t\t\t<div class=\"elementor-widget-container\">\n\t\t\t\t\t\t\t\t\t\t\t\t\t\t\t<img decoding=\"async\" src=\"https:\/\/fotostudio-xxelf.de\/wp-content\/plugins\/elementor\/assets\/images\/placeholder.png\" title=\"\" alt=\"\" loading=\"lazy\" \/>\t\t\t\t\t\t\t\t\t\t\t\t\t\t\t<\/div>\n\t\t\t\t<\/div>\n\t\t\t\t<div class=\"elementor-element elementor-element-e53f48c elementor-widget elementor-widget-heading\" data-id=\"e53f48c\" data-element_type=\"widget\" data-widget_type=\"heading.default\">\n\t\t\t\t<div class=\"elementor-widget-container\">\n\t\t\t\t\t<h4 class=\"elementor-heading-title elementor-size-default\">Psychiatrie<\/h4>\t\t\t\t<\/div>\n\t\t\t\t<\/div>\n\t\t\t\t<div class=\"elementor-element elementor-element-e69cb82 elementor-widget-divider--view-line elementor-widget elementor-widget-divider\" data-id=\"e69cb82\" data-element_type=\"widget\" data-widget_type=\"divider.default\">\n\t\t\t\t<div class=\"elementor-widget-container\">\n\t\t\t\t\t\t\t<div class=\"elementor-divider\">\n\t\t\t<span class=\"elementor-divider-separator\">\n\t\t\t\t\t\t<\/span>\n\t\t<\/div>\n\t\t\t\t\t\t<\/div>\n\t\t\t\t<\/div>\n\t\t\t\t<div class=\"elementor-element elementor-element-d737bb4 elementor-widget elementor-widget-text-editor\" data-id=\"d737bb4\" data-element_type=\"widget\" data-widget_type=\"text-editor.default\">\n\t\t\t\t<div class=\"elementor-widget-container\">\n\t\t\t\t\t\t\t\t\t<p>Lorem ipsum dolor sit amet, consectetur adipiscing elit. Ut elit tellus, luctus nec ullamcorper mattis, pulvinar dapibus leo.<\/p>\t\t\t\t\t\t\t\t<\/div>\n\t\t\t\t<\/div>\n\t\t\t\t<\/div>\n\t\t\t\t<\/div>\n\t\t\t\t\t<\/div>\n\t\t\t\t<\/div>\n\t\t<div class=\"elementor-element elementor-element-797d63a e-flex e-con-boxed e-con e-parent\" data-id=\"797d63a\" data-element_type=\"container\">\n\t\t\t\t\t<div class=\"e-con-inner\">\n\t\t\t\t<div class=\"elementor-element elementor-element-f6799f8 elementor-widget elementor-widget-spacer\" data-id=\"f6799f8\" data-element_type=\"widget\" data-widget_type=\"spacer.default\">\n\t\t\t\t<div class=\"elementor-widget-container\">\n\t\t\t\t\t\t\t<div class=\"elementor-spacer\">\n\t\t\t<div class=\"elementor-spacer-inner\"><\/div>\n\t\t<\/div>\n\t\t\t\t\t\t<\/div>\n\t\t\t\t<\/div>\n\t\t\t\t\t<\/div>\n\t\t\t\t<\/div>\n\t\t<div class=\"elementor-element elementor-element-18f4848 e-grid e-con-boxed e-con e-parent\" data-id=\"18f4848\" data-element_type=\"container\" data-settings=\"{&quot;shape_divider_bottom&quot;:&quot;waves&quot;}\">\n\t\t\t\t\t<div class=\"e-con-inner\">\n\t\t\t\t<div class=\"elementor-shape elementor-shape-bottom\" data-negative=\"false\">\n\t\t\t<svg xmlns=\"http:\/\/www.w3.org\/2000\/svg\" viewBox=\"0 0 1000 100\" preserveAspectRatio=\"none\">\n\t<path class=\"elementor-shape-fill\" d=\"M421.9,6.5c22.6-2.5,51.5,0.4,75.5,5.3c23.6,4.9,70.9,23.5,100.5,35.7c75.8,32.2,133.7,44.5,192.6,49.7\n\tc23.6,2.1,48.7,3.5,103.4-2.5c54.7-6,106.2-25.6,106.2-25.6V0H0v30.3c0,0,72,32.6,158.4,30.5c39.2-0.7,92.8-6.7,134-22.4\n\tc21.2-8.1,52.2-18.2,79.7-24.2C399.3,7.9,411.6,7.5,421.9,6.5z\"\/>\n<\/svg>\t\t<\/div>\n\t\t\t\t\t<\/div>\n\t\t\t\t<\/div>\n\t\t<div class=\"elementor-element elementor-element-78471044 e-flex e-con-boxed e-con e-parent\" data-id=\"78471044\" data-element_type=\"container\" data-settings=\"{&quot;background_background&quot;:&quot;classic&quot;}\">\n\t\t\t\t\t<div class=\"e-con-inner\">\n\t\t<div class=\"elementor-element elementor-element-46595573 e-con-full e-flex e-con e-child\" data-id=\"46595573\" data-element_type=\"container\">\n\t\t\t\t<\/div>\n\t\t<div class=\"elementor-element elementor-element-63fc4510 e-con-full e-flex e-con e-child\" data-id=\"63fc4510\" data-element_type=\"container\">\n\t\t\t\t<\/div>\n\t\t<div class=\"elementor-element elementor-element-120b2e65 e-con-full e-flex e-con e-child\" data-id=\"120b2e65\" data-element_type=\"container\">\n\t\t\t\t<\/div>\n\t\t<div class=\"elementor-element elementor-element-7b810ed4 e-con-full e-flex e-con e-child\" data-id=\"7b810ed4\" data-element_type=\"container\">\n\t\t\t\t<div class=\"elementor-element elementor-element-6e0575ef elementor-widget__width-initial elementor-widget elementor-widget-image\" data-id=\"6e0575ef\" data-element_type=\"widget\" data-widget_type=\"image.default\">\n\t\t\t\t<div class=\"elementor-widget-container\">\n\t\t\t\t\t\t\t\t\t\t\t\t\t\t\t<img loading=\"lazy\" decoding=\"async\" width=\"1024\" height=\"1018\" src=\"https:\/\/fotostudio-xxelf.de\/wp-content\/uploads\/2024\/12\/Quadrat-ebf2b6-1024x1018.png\" class=\"attachment-large size-large wp-image-189\" alt=\"\" srcset=\"https:\/\/fotostudio-xxelf.de\/wp-content\/uploads\/2024\/12\/Quadrat-ebf2b6-1024x1018.png 1024w, https:\/\/fotostudio-xxelf.de\/wp-content\/uploads\/2024\/12\/Quadrat-ebf2b6-300x298.png 300w, https:\/\/fotostudio-xxelf.de\/wp-content\/uploads\/2024\/12\/Quadrat-ebf2b6-150x150.png 150w, https:\/\/fotostudio-xxelf.de\/wp-content\/uploads\/2024\/12\/Quadrat-ebf2b6-768x764.png 768w, https:\/\/fotostudio-xxelf.de\/wp-content\/uploads\/2024\/12\/Quadrat-ebf2b6.png 1068w\" sizes=\"(max-width: 1024px) 100vw, 1024px\" \/>\t\t\t\t\t\t\t\t\t\t\t\t\t\t\t<\/div>\n\t\t\t\t<\/div>\n\t\t\t\t<\/div>\n\t\t\t\t\t<\/div>\n\t\t\t\t<\/div>\n\t\t\t\t<\/div>\n\t\t","protected":false},"excerpt":{"rendered":"<p>Fachbereiche Selbst handeln zu k\u00f6nnen, sich sinnvoll zu bet\u00e4tigen und das eigene Leben in der Hand haben sind Grundvoraussetzungen f\u00fcr [&hellip;]<\/p>\n","protected":false},"author":1,"featured_media":0,"parent":0,"menu_order":0,"comment_status":"closed","ping_status":"closed","template":"","meta":{"site-sidebar-layout":"no-sidebar","site-content-layout":"","ast-site-content-layout":"full-width-container","site-content-style":"default","site-sidebar-style":"default","ast-global-header-display":"","ast-banner-title-visibility":"","ast-main-header-display":"","ast-hfb-above-header-display":"","ast-hfb-below-header-display":"","ast-hfb-mobile-header-display":"","site-post-title":"disabled","ast-breadcrumbs-content":"","ast-featured-img":"disabled","footer-sml-layout":"","theme-transparent-header-meta":"","adv-header-id-meta":"","stick-header-meta":"","header-above-stick-meta":"","header-main-stick-meta":"","header-below-stick-meta":"","astra-migrate-meta-layouts":"default","ast-page-background-enabled":"default","ast-page-background-meta":{"desktop":{"background-color":"var(--ast-global-color-4)","background-image":"","background-repeat":"repeat","background-position":"center center","background-size":"auto","background-attachment":"scroll","background-type":"","background-media":"","overlay-type":"","overlay-color":"","overlay-opacity":"","overlay-gradient":""},"tablet":{"background-color":"","background-image":"","background-repeat":"repeat","background-position":"center center","background-size":"auto","background-attachment":"scroll","background-type":"","background-media":"","overlay-type":"","overlay-color":"","overlay-opacity":"","overlay-gradient":""},"mobile":{"background-color":"","background-image":"","background-repeat":"repeat","background-position":"center center","background-size":"auto","background-attachment":"scroll","background-type":"","background-media":"","overlay-type":"","overlay-color":"","overlay-opacity":"","overlay-gradient":""}},"ast-content-background-meta":{"desktop":{"background-color":"var(--ast-global-color-5)","background-image":"","background-repeat":"repeat","background-position":"center center","background-size":"auto","background-attachment":"scroll","background-type":"","background-media":"","overlay-type":"","overlay-color":"","overlay-opacity":"","overlay-gradient":""},"tablet":{"background-color":"var(--ast-global-color-5)","background-image":"","background-repeat":"repeat","background-position":"center center","background-size":"auto","background-attachment":"scroll","background-type":"","background-media":"","overlay-type":"","overlay-color":"","overlay-opacity":"","overlay-gradient":""},"mobile":{"background-color":"var(--ast-global-color-5)","background-image":"","background-repeat":"repeat","background-position":"center center","background-size":"auto","background-attachment":"scroll","background-type":"","background-media":"","overlay-type":"","overlay-color":"","overlay-opacity":"","overlay-gradient":""}},"footnotes":""},"class_list":["post-18","page","type-page","status-publish","hentry"],"_links":{"self":[{"href":"https:\/\/fotostudio-xxelf.de\/index.php\/wp-json\/wp\/v2\/pages\/18","targetHints":{"allow":["GET"]}}],"collection":[{"href":"https:\/\/fotostudio-xxelf.de\/index.php\/wp-json\/wp\/v2\/pages"}],"about":[{"href":"https:\/\/fotostudio-xxelf.de\/index.php\/wp-json\/wp\/v2\/types\/page"}],"author":[{"embeddable":true,"href":"https:\/\/fotostudio-xxelf.de\/index.php\/wp-json\/wp\/v2\/users\/1"}],"replies":[{"embeddable":true,"href":"https:\/\/fotostudio-xxelf.de\/index.php\/wp-json\/wp\/v2\/comments?post=18"}],"version-history":[{"count":16,"href":"https:\/\/fotostudio-xxelf.de\/index.php\/wp-json\/wp\/v2\/pages\/18\/revisions"}],"predecessor-version":[{"id":355,"href":"https:\/\/fotostudio-xxelf.de\/index.php\/wp-json\/wp\/v2\/pages\/18\/revisions\/355"}],"wp:attachment":[{"href":"https:\/\/fotostudio-xxelf.de\/index.php\/wp-json\/wp\/v2\/media?parent=18"}],"curies":[{"name":"wp","href":"https:\/\/api.w.org\/{rel}","templated":true}]}}